{"id":3170,"date":"2020-06-15T08:39:02","date_gmt":"2020-06-15T08:39:02","guid":{"rendered":"http:\/\/labolsadepapel.com\/politica-de-privacidade\/"},"modified":"2021-05-10T09:36:49","modified_gmt":"2021-05-10T09:36:49","slug":"politica-de-privacidade","status":"publish","type":"page","link":"https:\/\/labolsadepapel.com\/pt-pt\/politica-de-privacidade\/","title":{"rendered":"Pol\u00edtica de privacidade"},"content":{"rendered":"<div class=\"fusion-fullwidth fullwidth-box fusion-builder-row-1 nonhundred-percent-fullwidth non-hundred-percent-height-scrolling\" style=\"--awb-border-radius-top-left:0px;--awb-border-radius-top-right:0px;--awb-border-radius-bottom-right:0px;--awb-border-radius-bottom-left:0px;--awb-padding-top:20px;--awb-padding-bottom:20px;--awb-flex-wrap:wrap;\" ><div class=\"fusion-builder-row fusion-row\"><div class=\"fusion-layout-column fusion_builder_column fusion-builder-column-0 fusion_builder_column_1_1 1_1 fusion-one-full fusion-column-first fusion-column-last\" style=\"--awb-bg-size:cover;\"><div class=\"fusion-column-wrapper fusion-flex-column-wrapper-legacy\"><div class=\"fusion-text fusion-text-1\"><table class=\"col-6 table table-borderless table-sm\">\n<tbody>\n<tr>\n<td>\n<h1>Informaci\u00f3n B\u00e1sica sobre Protecci\u00f3n de Datos<\/h1>\n<\/td>\n<\/tr>\n<tr>\n<td>Responsable:<\/td>\n<td>ANDA Marketing Estrat\u00e9gico, S.L.<\/td>\n<\/tr>\n<tr>\n<td>Finalidad:<\/td>\n<td>Gesti\u00f3n de la relaci\u00f3n con los potenciales clientes<\/td>\n<\/tr>\n<tr>\n<td>Legitimaci\u00f3n:<\/td>\n<td>Consentimiento del interesado.<\/td>\n<\/tr>\n<tr>\n<td>Destinatarios:<\/td>\n<td>No se ceder\u00e1n datos a terceros, salvo obligaci\u00f3n legal.<\/td>\n<\/tr>\n<tr>\n<td>Derechos:<\/td>\n<td>Tiene derecho a acceder, rectificar y suprimir los datos, as\u00ed como otros derechos, indicados en la informaci\u00f3n adicional, que puede ejercer dirigi\u00e9ndose a la direcci\u00f3n del responsable del tratamiento<\/td>\n<\/tr>\n<tr>\n<td>Procedencia:<\/td>\n<td>El propio interesado.<\/td>\n<\/tr>\n<tr>\n<td>Informaci\u00f3n adicional:<\/td>\n<td>Puede consultar informaci\u00f3n adicional y detallada sobre Protecci\u00f3n de Datos en nuestra p\u00e1gina web: www.labolsadepapel.com<\/td>\n<\/tr>\n<\/tbody>\n<\/table>\n<h3>\u00bfQui\u00e9n es el responsable del tratamiento de sus datos?<\/h3>\n<p>Identidad: ANDA Marketing Estrat\u00e9gico, S.L. \u2013 NIF: ESB-62301593<\/p>\n<p>Direcci\u00f3n postal: C\/ Doctor Carulla 70 \u2013 72,\u00a0Barcelona (CP: 08017)<\/p>\n<p>Tel\u00e9fono: (+34) 934 146 486<\/p>\n<p>Correo electr\u00f3nico: <a href=\"mailto:info@andame.com\">info@andame.com<\/a><\/p>\n<h3>\u00bfCon qu\u00e9 finalidad tratamos sus datos personales?<\/h3>\n<p>En ANDA Marketing Estrat\u00e9gico, S.L. tratamos la informaci\u00f3n que nos facilitan las personas interesadas con el fin de realizar la gesti\u00f3n de los servicios solicitados, as\u00ed como enviar comunicaciones comerciales sobre nuestros productos y servicios.<\/p>\n<h3>\u00bfPor cu\u00e1nto tiempo conservaremos sus datos?<\/h3>\n<p>Los datos se conservar\u00e1n mientras se mantenga la relaci\u00f3n comercial, y en su caso, durante los a\u00f1os necesarios para cumplir con las obligaciones legales.<\/p>\n<h3>\u00bfCu\u00e1l es la legitimaci\u00f3n para el tratamiento de sus datos?<\/h3>\n<p>Le indicamos la base legal para el tratamiento de sus datos:<\/p>\n<ul>\n<li>Consentimiento del interesado: El usuario consiente el tratamiento de sus datos para la finalidad indicada.<\/li>\n<\/ul>\n<h3>\u00bfA qu\u00e9 destinatarios se comunicar\u00e1n sus datos?<\/h3>\n<p>No se ceder\u00e1n datos a terceros, salvo obligaci\u00f3n legal.<\/p>\n<h3>\u00bfTransferencias de datos a terceros pa\u00edses?<\/h3>\n<p>No est\u00e1n previstas transferencias de datos a terceros pa\u00edses.<\/p>\n<h3>\u00bfCu\u00e1les son sus derechos cuando nos facilita sus datos?<\/h3>\n<p>Cualquier persona tiene derecho a obtener confirmaci\u00f3n sobre si en ANDA Marketing Estrat\u00e9gico, S.L. estamos tratando datos personales que les conciernan, o no.<\/p>\n<p>Las personas interesadas tienen derecho a acceder a sus datos personales, as\u00ed como a solicitar la rectificaci\u00f3n de los datos inexactos o, en su caso, solicitar su supresi\u00f3n cuando, entre otros motivos, los datos ya no sean necesarios para los fines que fueron recogidos.<\/p>\n<p>En determinadas circunstancias, los interesados podr\u00e1n solicitar la limitaci\u00f3n del tratamiento de sus datos, en cuyo caso \u00fanicamente los conservaremos para el ejercicio o la defensa de reclamaciones.<\/p>\n<p>En determinadas circunstancias y por motivos relacionados con su situaci\u00f3n particular, los interesados podr\u00e1n oponerse al tratamiento de sus datos. En este caso, ANDA Marketing Estrat\u00e9gico, S.L. dejar\u00e1 de tratar los datos, salvo por motivos leg\u00edtimos imperiosos, o el ejercicio o la defensa de posibles reclamaciones.<\/p>\n<p>Podr\u00e1 ejercitar materialmente sus derechos de la siguiente forma: Tiene derecho a acceder, rectificar y suprimir los datos, as\u00ed como otros derechos, indicados en la informaci\u00f3n adicional, que puede ejercer dirigi\u00e9ndose a la direcci\u00f3n del responsable del tratamiento<\/p>\n<p>Si ha otorgado su consentimiento para alguna finalidad concreta, tiene derecho a retirar el consentimiento otorgado en cualquier momento, sin que ello afecte a la licitud del tratamiento basado en el consentimiento previo a su retirada.<\/p>\n<p>En caso de que sienta vulnerados sus derechos en lo concerniente a la protecci\u00f3n de sus datos personales, especialmente cuando no haya obtenido satisfacci\u00f3n en el ejercicio de sus derechos, puede presentar una reclamaci\u00f3n ante la Autoridad de Control en materia de Protecci\u00f3n de Datos competente a trav\u00e9s de su sitio web: www.agpd.es.<\/p>\n<h3>\u00bfC\u00d3MO HEMOS OBTENIDO SUS DATOS?<\/h3>\n<p>Los datos personales que tratamos en ANDA Marketing Estrat\u00e9gico, S.L. proceden del propio interesado.<\/p>\n<p>Las categor\u00edas de datos que se tratan son:<\/p>\n<ul>\n<li>Datos identificativos<\/li>\n<li>Direcciones postales y electr\u00f3nicas<\/li>\n<li>Informaci\u00f3n comercial<\/li>\n<\/ul>\n<p>No se tratan categor\u00edas especiales de datos personales (son aquellos datos que revelen el origen \u00e9tnico o racial, las opiniones pol\u00edticas, las convicciones religiosas o filos\u00f3ficas, o la afiliaci\u00f3n sindical, datos gen\u00e9ticos, datos biom\u00e9tricos dirigidos a identificar de manera un\u00edvoca a una persona f\u00edsica, datos relativos a la salud o datos relativos a la vida sexual o la orientaci\u00f3n sexual de una persona f\u00edsica).<\/p>\n<\/div><div class=\"fusion-clearfix\"><\/div><\/div><\/div><\/div><\/div>\n","protected":false},"excerpt":{"rendered":"","protected":false},"author":1,"featured_media":0,"parent":0,"menu_order":0,"comment_status":"closed","ping_status":"closed","template":"","meta":{"footnotes":""},"class_list":["post-3170","page","type-page","status-publish","hentry"],"yoast_head":"<!-- This site is optimized with the Yoast SEO plugin v27.3 - https:\/\/yoast.com\/product\/yoast-seo-wordpress\/ -->\n<title>Pol\u00edtica de privacidade - Sacos de papel - Pare a mudan\u00e7a clim\u00e1tica<\/title>\n<meta name=\"description\" content=\"Somos uma plataforma constitu\u00edda por fabricantes de sacos de papel, fabricantes de sacos de papel, fabricantes de pegas de papel...\" \/>\n<meta name=\"robots\" content=\"index, follow, max-snippet:-1, max-image-preview:large, max-video-preview:-1\" \/>\n<link rel=\"canonical\" href=\"https:\/\/labolsadepapel.com\/pt-pt\/politica-de-privacidade\/\" \/>\n<meta property=\"og:locale\" content=\"pt_PT\" \/>\n<meta property=\"og:type\" content=\"article\" \/>\n<meta property=\"og:title\" content=\"Pol\u00edtica de privacidade - Sacos de papel - Pare a mudan\u00e7a clim\u00e1tica\" \/>\n<meta property=\"og:description\" content=\"Somos uma plataforma constitu\u00edda por fabricantes de sacos de papel, fabricantes de sacos de papel, fabricantes de pegas de papel...\" \/>\n<meta property=\"og:url\" content=\"https:\/\/labolsadepapel.com\/pt-pt\/politica-de-privacidade\/\" \/>\n<meta property=\"og:site_name\" content=\"La bolsa de papel\" \/>\n<meta property=\"article:publisher\" content=\"https:\/\/www.facebook.com\/Frenamos-El-Cambio-Clim%c3%a1tico-133523010060832\" \/>\n<meta property=\"article:modified_time\" content=\"2021-05-10T09:36:49+00:00\" \/>\n<meta name=\"twitter:card\" content=\"summary_large_image\" \/>\n<meta name=\"twitter:site\" content=\"@juegatupapel\" \/>\n<meta name=\"twitter:label1\" content=\"Est. reading time\" \/>\n\t<meta name=\"twitter:data1\" content=\"4 minutes\" \/>\n<script type=\"application\/ld+json\" class=\"yoast-schema-graph\">{\"@context\":\"https:\\\/\\\/schema.org\",\"@graph\":[{\"@type\":\"WebPage\",\"@id\":\"https:\\\/\\\/labolsadepapel.com\\\/pt-pt\\\/politica-de-privacidade\\\/\",\"url\":\"https:\\\/\\\/labolsadepapel.com\\\/pt-pt\\\/politica-de-privacidade\\\/\",\"name\":\"Pol\u00edtica de privacidade - Sacos de papel - Pare a mudan\u00e7a clim\u00e1tica\",\"isPartOf\":{\"@id\":\"https:\\\/\\\/labolsadepapel.com\\\/#website\"},\"datePublished\":\"2020-06-15T08:39:02+00:00\",\"dateModified\":\"2021-05-10T09:36:49+00:00\",\"description\":\"Somos uma plataforma constitu\u00edda por fabricantes de sacos de papel, fabricantes de sacos de papel, fabricantes de pegas de papel...\",\"breadcrumb\":{\"@id\":\"https:\\\/\\\/labolsadepapel.com\\\/pt-pt\\\/politica-de-privacidade\\\/#breadcrumb\"},\"inLanguage\":\"pt-PT\",\"potentialAction\":[{\"@type\":\"ReadAction\",\"target\":[\"https:\\\/\\\/labolsadepapel.com\\\/pt-pt\\\/politica-de-privacidade\\\/\"]}]},{\"@type\":\"BreadcrumbList\",\"@id\":\"https:\\\/\\\/labolsadepapel.com\\\/pt-pt\\\/politica-de-privacidade\\\/#breadcrumb\",\"itemListElement\":[{\"@type\":\"ListItem\",\"position\":1,\"name\":\"Portada\",\"item\":\"https:\\\/\\\/labolsadepapel.com\\\/pt-pt\\\/\"},{\"@type\":\"ListItem\",\"position\":2,\"name\":\"Pol\u00edtica de privacidade\"}]},{\"@type\":\"WebSite\",\"@id\":\"https:\\\/\\\/labolsadepapel.com\\\/#website\",\"url\":\"https:\\\/\\\/labolsadepapel.com\\\/\",\"name\":\"La bolsa de papel\",\"description\":\"Con la bolsa juega tu papel\",\"potentialAction\":[{\"@type\":\"SearchAction\",\"target\":{\"@type\":\"EntryPoint\",\"urlTemplate\":\"https:\\\/\\\/labolsadepapel.com\\\/?s={search_term_string}\"},\"query-input\":{\"@type\":\"PropertyValueSpecification\",\"valueRequired\":true,\"valueName\":\"search_term_string\"}}],\"inLanguage\":\"pt-PT\"}]}<\/script>\n<!-- \/ Yoast SEO plugin. -->","yoast_head_json":{"title":"Pol\u00edtica de privacidade - Sacos de papel - Pare a mudan\u00e7a clim\u00e1tica","description":"Somos uma plataforma constitu\u00edda por fabricantes de sacos de papel, fabricantes de sacos de papel, fabricantes de pegas de papel...","robots":{"index":"index","follow":"follow","max-snippet":"max-snippet:-1","max-image-preview":"max-image-preview:large","max-video-preview":"max-video-preview:-1"},"canonical":"https:\/\/labolsadepapel.com\/pt-pt\/politica-de-privacidade\/","og_locale":"pt_PT","og_type":"article","og_title":"Pol\u00edtica de privacidade - Sacos de papel - Pare a mudan\u00e7a clim\u00e1tica","og_description":"Somos uma plataforma constitu\u00edda por fabricantes de sacos de papel, fabricantes de sacos de papel, fabricantes de pegas de papel...","og_url":"https:\/\/labolsadepapel.com\/pt-pt\/politica-de-privacidade\/","og_site_name":"La bolsa de papel","article_publisher":"https:\/\/www.facebook.com\/Frenamos-El-Cambio-Clim%c3%a1tico-133523010060832","article_modified_time":"2021-05-10T09:36:49+00:00","twitter_card":"summary_large_image","twitter_site":"@juegatupapel","twitter_misc":{"Est. reading time":"4 minutes"},"schema":{"@context":"https:\/\/schema.org","@graph":[{"@type":"WebPage","@id":"https:\/\/labolsadepapel.com\/pt-pt\/politica-de-privacidade\/","url":"https:\/\/labolsadepapel.com\/pt-pt\/politica-de-privacidade\/","name":"Pol\u00edtica de privacidade - Sacos de papel - Pare a mudan\u00e7a clim\u00e1tica","isPartOf":{"@id":"https:\/\/labolsadepapel.com\/#website"},"datePublished":"2020-06-15T08:39:02+00:00","dateModified":"2021-05-10T09:36:49+00:00","description":"Somos uma plataforma constitu\u00edda por fabricantes de sacos de papel, fabricantes de sacos de papel, fabricantes de pegas de papel...","breadcrumb":{"@id":"https:\/\/labolsadepapel.com\/pt-pt\/politica-de-privacidade\/#breadcrumb"},"inLanguage":"pt-PT","potentialAction":[{"@type":"ReadAction","target":["https:\/\/labolsadepapel.com\/pt-pt\/politica-de-privacidade\/"]}]},{"@type":"BreadcrumbList","@id":"https:\/\/labolsadepapel.com\/pt-pt\/politica-de-privacidade\/#breadcrumb","itemListElement":[{"@type":"ListItem","position":1,"name":"Portada","item":"https:\/\/labolsadepapel.com\/pt-pt\/"},{"@type":"ListItem","position":2,"name":"Pol\u00edtica de privacidade"}]},{"@type":"WebSite","@id":"https:\/\/labolsadepapel.com\/#website","url":"https:\/\/labolsadepapel.com\/","name":"La bolsa de papel","description":"Con la bolsa juega tu papel","potentialAction":[{"@type":"SearchAction","target":{"@type":"EntryPoint","urlTemplate":"https:\/\/labolsadepapel.com\/?s={search_term_string}"},"query-input":{"@type":"PropertyValueSpecification","valueRequired":true,"valueName":"search_term_string"}}],"inLanguage":"pt-PT"}]}},"_links":{"self":[{"href":"https:\/\/labolsadepapel.com\/pt-pt\/wp-json\/wp\/v2\/pages\/3170","targetHints":{"allow":["GET"]}}],"collection":[{"href":"https:\/\/labolsadepapel.com\/pt-pt\/wp-json\/wp\/v2\/pages"}],"about":[{"href":"https:\/\/labolsadepapel.com\/pt-pt\/wp-json\/wp\/v2\/types\/page"}],"author":[{"embeddable":true,"href":"https:\/\/labolsadepapel.com\/pt-pt\/wp-json\/wp\/v2\/users\/1"}],"replies":[{"embeddable":true,"href":"https:\/\/labolsadepapel.com\/pt-pt\/wp-json\/wp\/v2\/comments?post=3170"}],"version-history":[{"count":0,"href":"https:\/\/labolsadepapel.com\/pt-pt\/wp-json\/wp\/v2\/pages\/3170\/revisions"}],"wp:attachment":[{"href":"https:\/\/labolsadepapel.com\/pt-pt\/wp-json\/wp\/v2\/media?parent=3170"}],"curies":[{"name":"wp","href":"https:\/\/api.w.org\/{rel}","templated":true}]}}